{"id":12,"date":"2008-06-24T12:16:03","date_gmt":"2008-06-24T10:16:03","guid":{"rendered":"http:\/\/localhost\/tps\/?page_id=12"},"modified":"2021-03-18T15:48:45","modified_gmt":"2021-03-18T08:48:45","slug":"articles-restaurant-industry-thierry-poupard","status":"publish","type":"page","link":"https:\/\/www.service-attitude.com\/en\/articles-restaurant-industry-thierry-poupard\/","title":{"rendered":"Documentation"},"content":{"rendered":"<p style=\"text-align: justify;\">On this page you may go to there many articles (in PDF) published by Thierry Poupard between 2006 and 2009 in the press. Just\u00a0a few are in English though<\/p>\n<p style=\"text-align: justify;\"><a title=\"ehotelier.com\" href=\"http:\/\/www.service-attitude.com\/en\/wp-content\/uploads\/2009\/07\/ehotelier-july-1st-2009-d-day-for-the-french-restaurant-industry-june-25-2009.pdf\" target=\"_blank\" rel=\"noopener noreferrer\">06\/09<\/a> : July 1st 2009: D Day for the French restaurant industry<\/p>\n<p style=\"text-align: justify;\"><a title=\"ehotelier.com\" href=\"http:\/\/www.service-attitude.com\/en\/wp-content\/uploads\/2009\/07\/ehotelier-an-update-on-the-hotel-industry-in-france-and-in-paris-june-17-2009.pdf\" target=\"_blank\" rel=\"noopener noreferrer\">06\/09<\/a> : An update on the hotel industry in France and in Paris<\/p>\n<p style=\"text-align: justify;\"><a title=\"ehotelier.com\" href=\"http:\/\/www.service-attitude.com\/en\/wp-content\/uploads\/2009\/07\/ehotelier-the-us-car-makers-disaster-could-reproduce-in-other-industries-may-11-2009.pdf\" target=\"_blank\" rel=\"noopener noreferrer\">05\/09<\/a> : The US car makers disaster could reproduce in other industries<\/p>\n<p style=\"text-align: justify;\"><a title=\"neorestauration.com\" href=\"http:\/\/www.service-attitude.com\/en\/wp-content\/uploads\/2009\/07\/chroniqueneothierrypoupard-n61-04-09.pdf\" target=\"_blank\" rel=\"noopener noreferrer\">04\/09<\/a> : Gestion de crise et TVA : entre pessimisme et optimisme<\/p>\n<p style=\"text-align: justify;\"><a title=\"neorestauration.com\" href=\"http:\/\/www.service-attitude.com\/en\/wp-content\/uploads\/2009\/07\/chroniqueneothierrypoupard-n60-04-09.pdf\" target=\"_blank\" rel=\"noopener noreferrer\">04\/09<\/a> : Ajoutez de la valeur \u00e0 la prestation en attendant de baisser les prix<\/p>\n<p style=\"text-align: justify;\"><a title=\"neorestauration.com\" href=\"http:\/\/www.service-attitude.com\/en\/wp-content\/uploads\/2009\/07\/chroniqueneothierrypoupard-n59-03-09.pdf\" target=\"_blank\" rel=\"noopener noreferrer\">03\/09<\/a> : Baisse de la TVA dans la restauration, entre opacit\u00e9 et visibilit\u00e9<\/p>\n<p style=\"text-align: justify;\"><a title=\"neorestauration.com\" href=\"http:\/\/www.service-attitude.com\/en\/wp-content\/uploads\/2009\/07\/chroniqueneothierrypoupard-n58-03-09.pdf\" target=\"_blank\" rel=\"noopener noreferrer\">03\/09<\/a> : En restauration aussi, la r\u00e9ussite est du c\u00f4t\u00e9 des enseignes premium et du low cost<\/p>\n<p style=\"text-align: justify;\"><a title=\"neorestauration.com\" href=\"http:\/\/www.service-attitude.com\/en\/wp-content\/uploads\/2009\/07\/chroniqueneothierrypoupard-n57-02-09.pdf\" target=\"_blank\" rel=\"noopener noreferrer\">02\/09<\/a> : Quel type de capitaine est \u00e0 bord du vaisseau restaurant, optimiste, pessimiste ou r\u00e9aliste ?<\/p>\n<p style=\"text-align: justify;\"><a title=\"neorestauration.com\" href=\"http:\/\/www.service-attitude.com\/en\/wp-content\/uploads\/2009\/07\/chroniqueneothierrypoupard-n56-02-09.pdf\" target=\"_blank\" rel=\"noopener noreferrer\">02\/09<\/a> : En temps de crise, ce sont les meilleurs qui s&#8217;en sortiront<\/p>\n<p style=\"text-align: justify;\"><a title=\"neorestauration.com\" href=\"http:\/\/www.service-attitude.com\/en\/wp-content\/uploads\/2009\/07\/chroniqueneothierrypoupard-n55copie-01-09.pdf\" target=\"_blank\" rel=\"noopener noreferrer\">01\/09<\/a> : Les moments magiques donnent des \u00e9toiles au service client<\/p>\n<p style=\"text-align: justify;\"><a title=\"neorestauration.com\" href=\"http:\/\/www.service-attitude.com\/en\/wp-content\/uploads\/2009\/07\/chroniqueneothierrypoupard-n54-01-09.pdf\" target=\"_blank\" rel=\"noopener noreferrer\">01\/09<\/a> : Voici venu le temps des bonnes r\u00e9solutions et des rem\u00e8des anticrise<\/p>\n<p style=\"text-align: justify;\"><a title=\"neorestauration.com\" href=\"http:\/\/www.service-attitude.com\/en\/wp-content\/uploads\/2009\/07\/chroniqueneothierrypoupard-n53-12-08.pdf\" target=\"_blank\" rel=\"noopener noreferrer\">12\/08<\/a> : Le management des r\u00e9servations : entre archa\u00efsme et modernit\u00e9<\/p>\n<p style=\"text-align: justify;\"><a title=\"neorestauration.com\" href=\"http:\/\/www.service-attitude.com\/en\/wp-content\/uploads\/2009\/07\/chroniqueneothierrypoupard-n52-12-08.pdf\" target=\"_blank\" rel=\"noopener noreferrer\">12\/08<\/a> : Enthousiasme et sourire, des moteurs d&#8217;activit\u00e9 qui n&#8217;ont pas de prix<\/p>\n<p style=\"text-align: justify;\"><a title=\"ehotelier.com\" href=\"http:\/\/www.service-attitude.com\/en\/wp-content\/uploads\/2009\/07\/ehotelier-five-conditions-to-get-through-the-crisis-without-too-much-damage-nov-10-2008.pdf\" target=\"_blank\" rel=\"noopener noreferrer\">11\/08<\/a> :\u00a0Five conditions to get through the crisis without too much damage<\/p>\n<p style=\"text-align: justify;\"><a title=\"neorestauration.com\" href=\"http:\/\/www.service-attitude.com\/en\/wp-content\/uploads\/2009\/07\/chroniqueneothierrypoupard-n51-11-08.pdf\" target=\"_blank\" rel=\"noopener noreferrer\">11\/08<\/a> : Innovation ou management, bien choisir son marketing<\/p>\n<p style=\"text-align: justify;\"><a title=\"neorestauration.com\" href=\"http:\/\/www.service-attitude.com\/en\/wp-content\/uploads\/2009\/07\/chroniqueneothierrypoupard-n50-11-08.pdf\" target=\"_blank\" rel=\"noopener noreferrer\">11\/08<\/a> : Cinq conditions pour traverser a la crise sans trop de dommages<\/p>\n<p style=\"text-align: justify;\"><a title=\"Ness Magazine\" href=\"http:\/\/www.service-attitude.com\/en\/wp-content\/uploads\/2009\/07\/article-tps-ness-7-p1.pdf\" target=\"_blank\" rel=\"noopener noreferrer\">11\/08<\/a> : D\u00e9tection des indicateurs cl\u00e9s de l&#8217;activit\u00e9 \/ Detecting the Key Activity Indicators (<a title=\"Ness Magazine\" href=\"http:\/\/www.service-attitude.com\/en\/wp-content\/uploads\/2009\/07\/article-tps-ness-7-p21.pdf\" target=\"_blank\" rel=\"noopener noreferrer\">Page 2<\/a>, <a title=\"Ness Magazine\" href=\"http:\/\/www.service-attitude.com\/en\/wp-content\/uploads\/2009\/07\/article-tps-ness-7-p3.pdf\" target=\"_blank\" rel=\"noopener noreferrer\">Page 3<\/a>)<\/p>\n<p style=\"text-align: justify;\"><a title=\"neorestauration.com\" href=\"http:\/\/www.service-attitude.com\/en\/wp-content\/uploads\/2009\/07\/chroniqueneothierrypoupard-n49-10-08.pdf\" target=\"_blank\" rel=\"noopener noreferrer\">10\/08<\/a> : La finalit\u00e9 du marketing doit se d\u00e9placer vers le profit<\/p>\n<p style=\"text-align: justify;\"><a title=\"neorestauration.com\" href=\"http:\/\/www.service-attitude.com\/en\/wp-content\/uploads\/2009\/07\/chroniqueneothierrypoupard-n48-10-08.pdf\" target=\"_blank\" rel=\"noopener noreferrer\">10\/08<\/a> : La positive attitude comme r\u00e9ponse a la crise<\/p>\n<p style=\"text-align: justify;\"><a title=\"ehotelier.com\" href=\"http:\/\/www.service-attitude.com\/en\/wp-content\/uploads\/2009\/07\/ehotelier-profitability-should-be-measured-in-terms-of-space-and-time-as-well-as-in-currency-sept-10-2008.pdf\" target=\"_blank\" rel=\"noopener noreferrer\">09\/08<\/a> :\u00a0Profitability should be measured in terms of space and time as well as in currency<\/p>\n<p style=\"text-align: justify;\"><a title=\"neorestauration.com\" href=\"http:\/\/www.service-attitude.com\/en\/wp-content\/uploads\/2009\/07\/chroniqueneothierrypoupard-n47-09-08.pdf\" target=\"_blank\" rel=\"noopener noreferrer\">09\/08<\/a> : Le contexte n\u00e9cessite de relancer la fr\u00e9quentation<\/p>\n<p style=\"text-align: justify;\"><a title=\"neorestauration.com\" href=\"http:\/\/www.service-attitude.com\/en\/wp-content\/uploads\/2009\/07\/chroniqueneothierrypoupard-n46-09-08.pdf\" target=\"_blank\" rel=\"noopener noreferrer\">09\/08<\/a> : Le e-marketing au service de la restauration<\/p>\n<p style=\"text-align: justify;\"><a title=\"neorestauration.com\" href=\"http:\/\/www.service-attitude.com\/en\/wp-content\/uploads\/2009\/07\/chroniqueneothierrypoupard-n45-07-08.pdf\" target=\"_blank\" rel=\"noopener noreferrer\">07\/08<\/a> : Le personnel, premier client du restaurant<\/p>\n<p style=\"text-align: justify;\"><a title=\"neorestauration.com\" href=\"http:\/\/www.service-attitude.com\/en\/wp-content\/uploads\/2009\/07\/chroniqueneothierrypoupard-n44-07-08.pdf\" target=\"_blank\" rel=\"noopener noreferrer\">07\/08<\/a> : Le hasard n\u2019a pas sa place dans le merchandising<\/p>\n<p style=\"text-align: justify;\"><a title=\"neorestauration.com\" href=\"http:\/\/www.service-attitude.com\/en\/wp-content\/uploads\/2009\/07\/chroniqueneothierrypoupard-n43-06-08.pdf\" target=\"_blank\" rel=\"noopener noreferrer\">06\/08<\/a> : Le repas, un moment phare pour gagner\u2026ou perdre des clients<\/p>\n<p style=\"text-align: justify;\"><a title=\"neorestauration.com\" href=\"http:\/\/www.service-attitude.com\/en\/wp-content\/uploads\/2009\/07\/chroniqueneothierrypoupard-n42-06-08.pdf\" target=\"_blank\" rel=\"noopener noreferrer\">06\/08<\/a> : La rentabilit\u00e9 \u00e0 la place en restauration, adapter ses modes de calcul<\/p>\n<p style=\"text-align: justify;\"><a title=\"neorestaration.com\" href=\"http:\/\/www.service-attitude.com\/en\/wp-content\/uploads\/2009\/07\/chroniqueneothierrypoupard-n41-05-08.pdf\" target=\"_blank\" rel=\"noopener noreferrer\">05\/08<\/a> : Dans croissance il y a croissance verticale et croissance horizontale<\/p>\n<p style=\"text-align: justify;\"><a title=\"neorestauration.com\" href=\"http:\/\/www.service-attitude.com\/en\/wp-content\/uploads\/2009\/07\/chroniqueneothierrypoupard-n40-05-08.pdf\" target=\"_blank\" rel=\"noopener noreferrer\">05\/08<\/a> : Pourquoi ne pas mettre de l\u2019\u00e9tique et de la morale dans le business de la restauration ?<\/p>\n<p style=\"text-align: justify;\"><a title=\"neorestauration.com\" href=\"http:\/\/www.service-attitude.com\/en\/wp-content\/uploads\/2009\/07\/chroniqueneothierrypoupard-n39-04-08.pdf\" target=\"_blank\" rel=\"noopener noreferrer\">04\/08<\/a> : R\u00e9duire le montant de l\u2019addition, nouvelle arme fatale de la promotion<\/p>\n<p style=\"text-align: justify;\"><a title=\"neorestauration.com\" href=\"http:\/\/www.service-attitude.com\/en\/wp-content\/uploads\/2009\/07\/chroniqueneothierrypoupard-n38-04-08.pdf\" target=\"_blank\" rel=\"noopener noreferrer\">04\/08<\/a> : De l\u2019int\u00e9r\u00eat d\u2019une \u00e9tude de satisfaction<\/p>\n<p style=\"text-align: justify;\"><a title=\"neorestauration.com\" href=\"http:\/\/www.service-attitude.com\/en\/wp-content\/uploads\/2009\/07\/chroniqueneothierrypoupard-n37-03-08.pdf\" target=\"_blank\" rel=\"noopener noreferrer\">03\/08<\/a> : Un bon graphique vaut mieux qu\u2019un long tableau<\/p>\n<p style=\"text-align: justify;\"><a title=\"neorestauration.com\" href=\"http:\/\/www.service-attitude.com\/en\/wp-content\/uploads\/2009\/07\/chroniqueneothierrypoupard-n36-03-08.pdf\" target=\"_blank\" rel=\"noopener noreferrer\">03\/08<\/a> : La restauration est-elle en ad\u00e9quation avec les tendances ?<\/p>\n<p style=\"text-align: justify;\"><a title=\"neorestauration.com\" href=\"http:\/\/www.service-attitude.com\/en\/wp-content\/uploads\/2009\/07\/chroniqueneothierrypoupard-n35-02-08.pdf\" target=\"_blank\" rel=\"noopener noreferrer\">02\/08<\/a> : Comment passer du marketing au full marketing ?<\/p>\n<p style=\"text-align: justify;\"><a title=\"neorestauration.com\" href=\"http:\/\/www.service-attitude.com\/en\/wp-content\/uploads\/2009\/07\/chroniqueneothierrypoupard-n34-02-08.pdf\" target=\"_blank\" rel=\"noopener noreferrer\">02\/08<\/a> : Londres donne une bonne le\u00e7on \u00e0 paris<\/p>\n<p style=\"text-align: justify;\"><a title=\"L'Hotellerie-restauration\" href=\"http:\/\/www.service-attitude.com\/en\/wp-content\/uploads\/2009\/07\/lhotellerie-10-janvier-2008.pdf\" target=\"_blank\" rel=\"noopener noreferrer\">01\/08<\/a> : Repensez votre offre snacking<\/p>\n<p style=\"text-align: justify;\"><a title=\"neorestauration.com\" href=\"http:\/\/www.service-attitude.com\/en\/wp-content\/uploads\/2009\/07\/chroniqueneothierrypoupard-n34-02-08.pdf\" target=\"_blank\" rel=\"noopener noreferrer\">01\/08<\/a> : Le poids des cha\u00eenes, la force des maillons<\/p>\n<p style=\"text-align: justify;\"><a title=\"neorestauration.com\" href=\"http:\/\/www.service-attitude.com\/en\/wp-content\/uploads\/2009\/07\/chroniqueneothierrypoupard-n32-01-08.pdf\" target=\"_blank\" rel=\"noopener noreferrer\">01\/08<\/a> : Tr\u00e8s bonne ann\u00e9e !<\/p>\n<p style=\"text-align: justify;\"><a title=\"neorestauration.com\" href=\"http:\/\/www.service-attitude.com\/en\/wp-content\/uploads\/2009\/07\/chroniqueneothierrypoupard-n31-12-07.pdf\" target=\"_blank\" rel=\"noopener noreferrer\">12\/07<\/a> : Le \u00ab service \u00bb devrait \u00eatre ce suppl\u00e9ment de r\u00e9mun\u00e9ration li\u00e9 \u00e0 la qualit\u00e9 de la prestation<\/p>\n<p style=\"text-align: justify;\"><a title=\"neorestauration.com\" href=\"http:\/\/www.service-attitude.com\/en\/wp-content\/uploads\/2009\/07\/chroniqueneothierrypoupard-n30-12-07.pdf\" target=\"_blank\" rel=\"noopener noreferrer\">12\/07<\/a> : Non, la faute n\u2019est pas toujours imputable aux autres<\/p>\n<p style=\"text-align: justify;\"><a title=\"neorestauration.com\" href=\"http:\/\/www.service-attitude.com\/en\/wp-content\/uploads\/2009\/07\/chroniqueneothierrypoupard-n29-11-07.pdf\" target=\"_blank\" rel=\"noopener noreferrer\">11\/07<\/a> : A la recherche du chiffre d\u2019affaires additionnel<\/p>\n<p style=\"text-align: justify;\"><a title=\"neorestauration.com\" href=\"http:\/\/www.service-attitude.com\/en\/wp-content\/uploads\/2009\/07\/chroniqueneothierrypoupard-n28-11-07.pdf\" target=\"_blank\" rel=\"noopener noreferrer\">11\/07<\/a> : De l\u2019int\u00e9r\u00eat de communiquer bien et beaucoup<\/p>\n<p style=\"text-align: justify;\"><a title=\"L'Hotellerie-restauration\" href=\"http:\/\/www.service-attitude.com\/en\/wp-content\/uploads\/2009\/07\/lhotellerie-4-oct07.pdf\" target=\"_blank\" rel=\"noopener noreferrer\">10\/07<\/a> : Le mauvais accueil fait fuir les clients, le bon les attire<\/p>\n<p style=\"text-align: justify;\"><a title=\"neorestauration.com\" href=\"http:\/\/www.service-attitude.com\/en\/wp-content\/uploads\/2009\/07\/chroniqueneothierrypoupard-n27-10-07.pdf\" target=\"_blank\" rel=\"noopener noreferrer\">10\/07<\/a> : M\u00e9fions nous de \u00ab l\u2019attitude attitude \u00bb<\/p>\n<p style=\"text-align: justify;\"><a title=\"neorestauration.com\" href=\"http:\/\/www.service-attitude.com\/en\/wp-content\/uploads\/2009\/07\/chroniqueneothierrypoupard-n26-10-07.pdf\" target=\"_blank\" rel=\"noopener noreferrer\">10\/07<\/a> : Une enseigne se rend plus attractive avec un produit star<\/p>\n<p style=\"text-align: justify;\"><a title=\"neorestauration.com\" href=\"http:\/\/www.service-attitude.com\/en\/wp-content\/uploads\/2009\/07\/chroniqueneothierrypoupard-n25-09-07.pdf\" target=\"_blank\" rel=\"noopener noreferrer\">09\/07<\/a> : Mieux vaut r\u00e9veiller les papilles qu\u2019alourdir l\u2019estomac ou l\u2019addition<\/p>\n<p style=\"text-align: justify;\"><a title=\"neorestauration.com\" href=\"http:\/\/www.service-attitude.com\/en\/wp-content\/uploads\/2009\/07\/chroniqueneothierrypoupard-n24-09-07.pdf\" target=\"_blank\" rel=\"noopener noreferrer\">09\/07<\/a> : Les touristes \u00e9trangers ont-ils, enfin, \u00e9t\u00e9 bien re\u00e7us cette ann\u00e9e ?<\/p>\n<p style=\"text-align: justify;\"><a title=\"L'Hotellerie-restauration\" href=\"http:\/\/www.service-attitude.com\/en\/wp-content\/uploads\/2009\/07\/lhotellerie-13-sept-07.pdf\" target=\"_blank\" rel=\"noopener noreferrer\">09\/07<\/a> : La restauration est un m\u00e9tier de service<\/p>\n<p style=\"text-align: justify;\"><a title=\"neorestauration.com\" href=\"http:\/\/www.service-attitude.com\/en\/wp-content\/uploads\/2009\/07\/chroniqueneothierrypoupard-n23-07-07.pdf\" target=\"_blank\" rel=\"noopener noreferrer\">07\/07<\/a> : Les cha\u00eenes ont un engagement vis-\u00e0-vis de la soci\u00e9t\u00e9<\/p>\n<p style=\"text-align: justify;\"><a title=\"neorestauration.com\" href=\"http:\/\/www.service-attitude.com\/en\/wp-content\/uploads\/2009\/07\/chroniqueneothierrypoupard-n22-07-07.pdf\" target=\"_blank\" rel=\"noopener noreferrer\">07\/07<\/a> : Merci n\u2019est pas un gros mot<\/p>\n<p style=\"text-align: justify;\"><a title=\"neorestauration.com\" href=\"http:\/\/www.service-attitude.com\/en\/wp-content\/uploads\/2009\/07\/chroniqueneothierrypoupard-n21-06-07.pdf\" target=\"_blank\" rel=\"noopener noreferrer\">06\/07<\/a> : Il manque aux enseignes une valeur affective<\/p>\n<p style=\"text-align: justify;\"><a title=\"neorestauration.com\" href=\"http:\/\/www.service-attitude.com\/en\/wp-content\/uploads\/2009\/07\/chroniqueneothierrypoupard-n20-06-07.pdf\" target=\"_blank\" rel=\"noopener noreferrer\">06\/07<\/a> : Mod\u00e9rer les quantit\u00e9s autant que les prix<\/p>\n<p style=\"text-align: justify;\"><a title=\"neorestauration.com\" href=\"http:\/\/www.service-attitude.com\/en\/wp-content\/uploads\/2009\/07\/chroniqueneothierrypoupard-n19-05-07.pdf\" target=\"_blank\" rel=\"noopener noreferrer\">05\/07<\/a> : Tirer le meilleur parti de l\u2019existant<\/p>\n<p style=\"text-align: justify;\"><a title=\"neorestauration.com\" href=\"http:\/\/www.service-attitude.com\/en\/wp-content\/uploads\/2009\/07\/chroniqueneothierrypoupard-n18-05-07.pdf\" target=\"_blank\" rel=\"noopener noreferrer\">05\/07<\/a> : Formation et restauration : on en fait d\u00e9j\u00e0 beaucoup, mais on n\u2019en fera jamais assez<\/p>\n<p style=\"text-align: justify;\"><a title=\"neorestauration.com\" href=\"http:\/\/www.service-attitude.com\/en\/wp-content\/uploads\/2009\/07\/chroniqueneothierrypoupard-n17-04-07.pdf\" target=\"_blank\" rel=\"noopener noreferrer\">04\/07<\/a> : Pour un marketing d\u2019initiative locale efficace<\/p>\n<p style=\"text-align: justify;\"><a title=\"neorestauration.com\" href=\"http:\/\/www.service-attitude.com\/en\/wp-content\/uploads\/2009\/07\/chroniqueneothierrypoupard-n16-04-07.pdf\" target=\"_blank\" rel=\"noopener noreferrer\">04\/07<\/a> : Plus pr\u00e8s du client, plus fort en service<\/p>\n<p style=\"text-align: justify;\"><a title=\"neorestauration.com\" href=\"http:\/\/www.service-attitude.com\/en\/wp-content\/uploads\/2009\/07\/chroniqueneothierrypoupard-n15-03-07.pdf\" target=\"_blank\" rel=\"noopener noreferrer\">03\/07<\/a> : Le prix de l\u2019attention, le co\u00fbt de l\u2019inattention<\/p>\n<p style=\"text-align: justify;\"><a title=\"neorestauration.com\" href=\"http:\/\/www.service-attitude.com\/en\/wp-content\/uploads\/2009\/07\/chroniqueneothierrypoupard-n14-03-07.pdf\" target=\"_blank\" rel=\"noopener noreferrer\">03\/07<\/a> : Des caisses, des ordinateurs et des informations utiles. Existe-t-il un syst\u00e8me id\u00e9al ?<\/p>\n<p style=\"text-align: justify;\"><a title=\"neorestauration.com\" href=\"http:\/\/www.service-attitude.com\/en\/wp-content\/uploads\/2009\/07\/chroniqueneothierrypoupard-n13-02-07.pdf\" target=\"_blank\" rel=\"noopener noreferrer\">02\/07<\/a> : Entre fast casual et libre service il faut choisir<\/p>\n<p style=\"text-align: justify;\"><a title=\"neorestauration.com\" href=\"http:\/\/www.service-attitude.com\/en\/wp-content\/uploads\/2009\/07\/chroniqueneothierrypoupard-n12-02-07.pdf\" target=\"_blank\" rel=\"noopener noreferrer\">02\/07<\/a> : Pensez au client, au moins autant qu\u2019\u00e0 l\u2019argent<\/p>\n<p style=\"text-align: justify;\"><a title=\"neorestauration.com\" href=\"http:\/\/www.service-attitude.com\/en\/wp-content\/uploads\/2009\/07\/chroniqueneothierrypoupard-n11-01-07.pdf\" target=\"_blank\" rel=\"noopener noreferrer\">01\/07<\/a> : La consolidation comme pr\u00e9alable \u00e0 l\u2019expansion<\/p>\n<p style=\"text-align: justify;\"><a title=\"neorestauration.com\" href=\"http:\/\/www.service-attitude.com\/en\/wp-content\/uploads\/2009\/07\/chroniqueneothierrypoupard-n10-12-06.pdf\" target=\"_blank\" rel=\"noopener noreferrer\">12\/06<\/a> : La communication au point de vente est une technique rentable<\/p>\n<p style=\"text-align: justify;\"><a title=\"neorestauration.com\" href=\"http:\/\/www.service-attitude.com\/en\/wp-content\/uploads\/2009\/07\/chroniqueneothierrypoupard-n09-11-06.pdf\" target=\"_blank\" rel=\"noopener noreferrer\">11\/06<\/a> : Accueil parfait, attente ma\u00eetris\u00e9e : un repas est un plaisir et doit le rester<\/p>\n<p style=\"text-align: justify;\"><a title=\"neorestauration.com\" href=\"http:\/\/www.service-attitude.com\/en\/wp-content\/uploads\/2009\/07\/chroniqueneothierrypoupard-n08-10-06.pdf\" target=\"_blank\" rel=\"noopener noreferrer\">10\/06<\/a> : Les finances, le r\u00e9seau et\u2026<\/p>\n<p style=\"text-align: justify;\"><a title=\"neorestauration.com\" href=\"http:\/\/www.service-attitude.com\/en\/wp-content\/uploads\/2009\/07\/chroniqueneothierrypoupard-n07-09-06.pdf\" target=\"_blank\" rel=\"noopener noreferrer\">09\/06<\/a> : Le mythe du client-roi<\/p>\n<p style=\"text-align: justify;\"><a title=\"neorestauration.com\" href=\"http:\/\/www.service-attitude.com\/en\/wp-content\/uploads\/2009\/07\/chroniqueneothierrypoupard-n06-07-06.pdf\" target=\"_blank\" rel=\"noopener noreferrer\">07\/06<\/a> : Attention : une boisson peut en rapporter une autre<\/p>\n<p style=\"text-align: justify;\"><a title=\"neorestauration.com\" href=\"http:\/\/www.service-attitude.com\/en\/wp-content\/uploads\/2009\/07\/chroniqueneothierrypoupard-n05-06-06.pdf\" target=\"_blank\" rel=\"noopener noreferrer\">06\/06<\/a> : Am\u00e9liorer le service client rapporte plus qu\u2019augmenter les prix<\/p>\n<p style=\"text-align: justify;\"><a title=\"neorestauration.com\" href=\"http:\/\/www.service-attitude.com\/en\/wp-content\/uploads\/2009\/07\/chroniqueneothierrypoupard-n04-05-061.pdf\" target=\"_blank\" rel=\"noopener noreferrer\">05\/06<\/a> : La fid\u00e9lit\u00e9 ne s\u2019ach\u00e8te pas, elle se conquiert<\/p>\n<p style=\"text-align: justify;\"><a title=\"neorestauration.com\" href=\"http:\/\/www.service-attitude.com\/en\/wp-content\/uploads\/2009\/07\/chroniqueneothierrypoupard-n03-04-06.pdf\" target=\"_blank\" rel=\"noopener noreferrer\">04\/06<\/a> : Analyse marketing et management des ventes : quel est le bon indicateur de rentabilit\u00e9 ?<\/p>\n<p style=\"text-align: justify;\"><a title=\"neorestauration.com\" href=\"http:\/\/www.service-attitude.com\/en\/wp-content\/uploads\/2009\/07\/chroniqueneothierrypoupard-n02-03-06.pdf\" target=\"_blank\" rel=\"noopener noreferrer\">03\/06<\/a> : Gisements d\u2019efficience contre puits de p\u00e9trole<\/p>\n<p style=\"text-align: justify;\"><a title=\"neorestauration.com\" href=\"http:\/\/www.service-attitude.com\/en\/wp-content\/uploads\/2009\/07\/chroniqueneothierrypoupard-n01-02-06.pdf\" target=\"_blank\" rel=\"noopener noreferrer\">02\/06<\/a> : La culture des ventes est un investissement rentable<\/p>\n","protected":false},"excerpt":{"rendered":"<p>On this page you may go to there many articles (in PDF) published by Thierry Poupard between 2006 and 2009 in the press. Just\u00a0a few are in English though 06\/09 : July 1st 2009: D Day for the French restaurant industry 06\/09 : An update on the hotel industry in France and in Paris 05\/09&#8230; <\/p>\n<div class=\"clear\"><\/div>\n<p><a href=\"https:\/\/www.service-attitude.com\/en\/articles-restaurant-industry-thierry-poupard\/\" class=\"excerpt-read-more\">Read More<\/a><\/p>\n","protected":false},"author":3,"featured_media":0,"parent":0,"menu_order":0,"comment_status":"open","ping_status":"open","template":"","meta":{"_monsterinsights_skip_tracking":false,"_monsterinsights_sitenote_active":false,"_monsterinsights_sitenote_note":"","_monsterinsights_sitenote_category":0},"_links":{"self":[{"href":"https:\/\/www.service-attitude.com\/en\/wp-json\/wp\/v2\/pages\/12"}],"collection":[{"href":"https:\/\/www.service-attitude.com\/en\/wp-json\/wp\/v2\/pages"}],"about":[{"href":"https:\/\/www.service-attitude.com\/en\/wp-json\/wp\/v2\/types\/page"}],"author":[{"embeddable":true,"href":"https:\/\/www.service-attitude.com\/en\/wp-json\/wp\/v2\/users\/3"}],"replies":[{"embeddable":true,"href":"https:\/\/www.service-attitude.com\/en\/wp-json\/wp\/v2\/comments?post=12"}],"version-history":[{"count":9,"href":"https:\/\/www.service-attitude.com\/en\/wp-json\/wp\/v2\/pages\/12\/revisions"}],"predecessor-version":[{"id":7261,"href":"https:\/\/www.service-attitude.com\/en\/wp-json\/wp\/v2\/pages\/12\/revisions\/7261"}],"wp:attachment":[{"href":"https:\/\/www.service-attitude.com\/en\/wp-json\/wp\/v2\/media?parent=12"}],"curies":[{"name":"wp","href":"https:\/\/api.w.org\/{rel}","templated":true}]}}